{"id":14013,"date":"2017-09-03T22:38:55","date_gmt":"2017-09-03T22:38:55","guid":{"rendered":"https:\/\/gast.vamtam.com\/?page_id=14013"},"modified":"2023-12-14T15:21:22","modified_gmt":"2023-12-14T12:21:22","slug":"home-page-3","status":"publish","type":"page","link":"https:\/\/baypansiyon.com\/","title":{"rendered":"Home &#8211; Hotel"},"content":{"rendered":"<div class=\"vgblk-rw-wrapper limit-wrapper\">\n\n\t\t<iframe src=\"https:\/\/bay-pansiyon.hmshotel.net\/\" height=\"800\" frameborder=\"0\"><\/iframe>\n<h1>\n\tFerah ve Geni\u015f Odalar\n\t<\/h1>\n\t<p>Standartlar\u0131n d\u0131\u015f\u0131nda geni\u015f ve ferah odalar \u015fimdi Ke\u015fan Merkez&#8217;de bulunan Bay Pansiyon&#8217;da.<\/p>\n\t<a href=\"https:\/\/baypansiyon.com\/index.php\/odalarimiz\/\" target=\"_self\" role=\"button\" rel=\"noopener\">\n\t\t\t\t\tT\u00dcM ODALAR\n\t<\/a>\n<h2>\n\t\tBay Pansiyon\n\t<\/h2>\n\t<p>Ke\u015fan&#8217;\u0131n merkezinde konumlanm\u0131\u015f g\u00fcvenilir ve samimi bir i\u015fletme.<\/p>\n<p>24 Saat G\u00fcvenlik ile konfor bir arada.<\/p>\n<p>Ke\u015fan&#8217;da Pansiyon aray\u0131\u015flar\u0131n\u0131zda uygun fiyatl\u0131 ve kaliteli hizmet anlay\u0131\u015f\u0131 ile Bay Pansiyon sizi bekliyor.<\/p>\n\t\t\t\t\t\t\t<img loading=\"lazy\" decoding=\"async\" src=\"https:\/\/baypansiyon.com\/wp-content\/uploads\/2023\/08\/reception2-1200x969.jpg\" alt=\"reception2\" itemprop=\"image\" height=\"969\" width=\"1200\" title=\"reception2\" onerror=\"this.style.display='none'\"  sizes=\"(max-width: 760px) 100vw, 100vw\"\/>\t\t\t\t\t\t\t\n\t\t<iframe src=\"https:\/\/maps.google.com\/maps?q=Bay+Pansiyon+%26+Otel+Ke%C5%9Fan&#038;iwloc=near&#038;output=embed\" height=\"500\" frameborder=\"0\" loading=\"lazy\"><\/iframe>\n\t<a href=\"tel:02847140880\" target=\"_self\" role=\"button\" rel=\"noopener\">\n\t\t\t\t\tAray\u0131n (284) 714 08 80\n\t<\/a>\n\t<a href=\"https:\/\/www.google.com\/maps\/place\/Bay+Hostel\/@40.8530692,26.6328475,15z\/data=!4m2!3m1!1s0x0:0xe6d14eade18d507d?sa=X&#038;ved=2ahUKEwiN-Z-_tvz-AhXHl4sKHfTeCUgQ_BJ6BAhhEAc\" target=\"_self\" role=\"button\" rel=\"noopener\">\n\t\t\t\t\tYol Tarifi Al\u0131n\n\t<\/a>\n\n<\/div><!-- .vgblk-rw-wrapper -->","protected":false},"excerpt":{"rendered":"<p>Ferah ve Geni\u015f Odalar Standartlar\u0131n d\u0131\u015f\u0131nda geni\u015f ve ferah odalar \u015fimdi Ke\u015fan Merkez&#8217;de bulunan Bay Pansiyon&#8217;da. T\u00dcM ODALAR Bay Pansiyon Ke\u015fan&#8217;\u0131n merkezinde konumlanm\u0131\u015f g\u00fcvenilir ve samimi bir i\u015fletme. 24 Saat G\u00fcvenlik ile konfor bir arada. Ke\u015fan&#8217;da Pansiyon aray\u0131\u015flar\u0131n\u0131zda uygun fiyatl\u0131 ve kaliteli hizmet anlay\u0131\u015f\u0131 ile Bay Pansiyon sizi bekliyor. Aray\u0131n (284) 714 08 80 Yol&#8230;<\/p>\n","protected":false},"author":1,"featured_media":0,"parent":0,"menu_order":0,"comment_status":"closed","ping_status":"closed","template":"","meta":{"inline_featured_image":false,"ngg_post_thumbnail":0,"footnotes":""},"_links":{"self":[{"href":"https:\/\/baypansiyon.com\/index.php\/wp-json\/wp\/v2\/pages\/14013"}],"collection":[{"href":"https:\/\/baypansiyon.com\/index.php\/wp-json\/wp\/v2\/pages"}],"about":[{"href":"https:\/\/baypansiyon.com\/index.php\/wp-json\/wp\/v2\/types\/page"}],"author":[{"embeddable":true,"href":"https:\/\/baypansiyon.com\/index.php\/wp-json\/wp\/v2\/users\/1"}],"replies":[{"embeddable":true,"href":"https:\/\/baypansiyon.com\/index.php\/wp-json\/wp\/v2\/comments?post=14013"}],"version-history":[{"count":17,"href":"https:\/\/baypansiyon.com\/index.php\/wp-json\/wp\/v2\/pages\/14013\/revisions"}],"predecessor-version":[{"id":987884,"href":"https:\/\/baypansiyon.com\/index.php\/wp-json\/wp\/v2\/pages\/14013\/revisions\/987884"}],"wp:attachment":[{"href":"https:\/\/baypansiyon.com\/index.php\/wp-json\/wp\/v2\/media?parent=14013"}],"curies":[{"name":"wp","href":"https:\/\/api.w.org\/{rel}","templated":true}]}}